{"id":6,"date":"2015-09-20T14:00:31","date_gmt":"2015-09-20T14:00:31","guid":{"rendered":"http:\/\/alec36.fr\/?page_id=6"},"modified":"2023-01-30T17:35:25","modified_gmt":"2023-01-30T17:35:25","slug":"qui-sommes-nous","status":"publish","type":"page","link":"https:\/\/alec36.fr\/?page_id=6","title":{"rendered":"Qui sommes-nous"},"content":{"rendered":"<p>Une nouvelle association ALEC36 s&rsquo;est cr\u00e9\u00e9 \u00e0 La Ch\u00e2tre depuis 2015. Des b\u00e9n\u00e9voles vous proposent une\u00a0 remise \u00e0 niveau en fran\u00e7ais et en calcul.<br \/>\nSi vous \u00eates concern\u00e9(e) ou si vous connaissez des personnes adultes ayant besoin d&rsquo;aide en lecture, \u00e9criture, orthographe,, langue orale et en calcul&#8230; contactez-nous.<\/p>\n<p>Nous proposons aussi des ateliers aux personnes adultes non francophones ayant \u00e9t\u00e9 scolaris\u00e9es ou non dans leur pays d&rsquo;origine.\u00a0 Les horaires sont adaptables et personnalis\u00e9s. Les s\u00e9ances se d\u00e9roulent H\u00f4tel du Chevalier d&rsquo;Ars \u00e0 La Ch\u00e2tre (pr\u00e8s de la mairie), nous faisons \u00e9galement des ateliers \u00e0 Sainte S\u00e9v\u00e8re ou \u00e0 Aigurande dans des salles pr\u00eat\u00e9es par les mairies.\u00a0 N&rsquo;h\u00e9sitez pas \u00e0 nous contacter \u00e0 l&rsquo;adresse : <a href=\"mailto:alec36400@gmail.com\">alec36400@gmail.com<\/a><\/p>\n","protected":false},"excerpt":{"rendered":"<p>Une nouvelle association ALEC36 s&rsquo;est cr\u00e9\u00e9 \u00e0 La Ch\u00e2tre depuis 2015. Des b\u00e9n\u00e9voles vous proposent une\u00a0 remise \u00e0 niveau en fran\u00e7ais et en calcul. Si vous \u00eates concern\u00e9(e) ou si vous connaissez des personnes adultes ayant besoin d&rsquo;aide en lecture, \u00e9criture, orthographe,, langue orale et en calcul&#8230; contactez-nous. Nous proposons aussi des ateliers aux personnes [&hellip;]<\/p>\n","protected":false},"author":1,"featured_media":0,"parent":0,"menu_order":0,"comment_status":"open","ping_status":"open","template":"","meta":{"_exactmetrics_skip_tracking":false,"_exactmetrics_sitenote_active":false,"_exactmetrics_sitenote_note":"","_exactmetrics_sitenote_category":0,"advanced_seo_description":"","jetpack_seo_html_title":"","jetpack_seo_noindex":false,"jetpack_post_was_ever_published":false,"footnotes":""},"class_list":["post-6","page","type-page","status-publish","hentry"],"jetpack_sharing_enabled":true,"jetpack_shortlink":"https:\/\/wp.me\/P99Uil-6","jetpack_likes_enabled":true,"jetpack-related-posts":[],"_links":{"self":[{"href":"https:\/\/alec36.fr\/index.php?rest_route=\/wp\/v2\/pages\/6","targetHints":{"allow":["GET"]}}],"collection":[{"href":"https:\/\/alec36.fr\/index.php?rest_route=\/wp\/v2\/pages"}],"about":[{"href":"https:\/\/alec36.fr\/index.php?rest_route=\/wp\/v2\/types\/page"}],"author":[{"embeddable":true,"href":"https:\/\/alec36.fr\/index.php?rest_route=\/wp\/v2\/users\/1"}],"replies":[{"embeddable":true,"href":"https:\/\/alec36.fr\/index.php?rest_route=%2Fwp%2Fv2%2Fcomments&post=6"}],"version-history":[{"count":4,"href":"https:\/\/alec36.fr\/index.php?rest_route=\/wp\/v2\/pages\/6\/revisions"}],"predecessor-version":[{"id":465,"href":"https:\/\/alec36.fr\/index.php?rest_route=\/wp\/v2\/pages\/6\/revisions\/465"}],"wp:attachment":[{"href":"https:\/\/alec36.fr\/index.php?rest_route=%2Fwp%2Fv2%2Fmedia&parent=6"}],"curies":[{"name":"wp","href":"https:\/\/api.w.org\/{rel}","templated":true}]}}