{"id":36,"date":"2016-03-04T09:15:58","date_gmt":"2016-03-04T09:15:58","guid":{"rendered":"http:\/\/alec36.fr\/?page_id=36"},"modified":"2023-04-03T09:40:33","modified_gmt":"2023-04-03T09:40:33","slug":"ressources","status":"publish","type":"page","link":"https:\/\/alec36.fr\/?page_id=36","title":{"rendered":"Ressources"},"content":{"rendered":"<p>Vous trouverez ici de nombreux supports ludiques et p\u00e9dagogiques pour vos ateliers .<\/p>\n<ul>\n<li><a href=\"https:\/\/drive.google.com\/folderview?id=0B7SOTQBDHuTPU1NURWNWN1p6X3c&amp;usp=sharing\">Image<\/a><a href=\"https:\/\/drive.google.com\/drive\/folders\/0B7SOTQBDHuTPU1NURWNWN1p6X3c?resourcekey=0-_QTUrPWwFlJr97sZHLPzdg&amp;usp=sharing\">s\u00a0 J&rsquo;aime le fran\u00e7ais<\/a> a t\u00e9l\u00e9charger image par image ou tout le dossier<\/li>\n<li><a href=\"https:\/\/communaute-francaise.lire-et-ecrire.be\/images\/documents\/pdf\/calcul_et_raisonnement_mathematique_chap_3.pdf\" target=\"_blank\" rel=\"noopener noreferrer\">Maths<\/a><\/li>\n<li><a href=\"https:\/\/www.les-coccinelles.fr\/lienpage1\/poesies\/dansparis.pdf\" target=\"_blank\" rel=\"noopener noreferrer\" data-wplink-edit=\"true\">Lecture<\/a><\/li>\n<li><a href=\"https:\/\/drive.google.com\/drive\/folders\/0B7SOTQBDHuTPRjFMZTJrQlhPOU0?resourcekey=0-eiNW6MXfn8VB-dvFnliOoA&amp;usp=sharing\">Fran\u00e7ais<\/a><\/li>\n<li><a href=\"https:\/\/drive.google.com\/drive\/folders\/0B7SOTQBDHuTPT1BscnM5clRlR0U?resourcekey=0-W5CxD8rsszN7ZwfM5toyPQ&amp;usp=sharing\">Num\u00e9ration<\/a><\/li>\n<li><a href=\"https:\/\/drive.google.com\/drive\/folders\/0B7SOTQBDHuTPYmNkclh2LUw2LVE?resourcekey=0-GfoHFIk5GFYM4mQ4j9w8-A&amp;usp=sharing\">Lutte Contre L&rsquo;illettrisme<\/a><\/li>\n<li><a href=\"https:\/\/drive.google.com\/drive\/folders\/0B7SOTQBDHuTPU3hacnpvSVNYbzQ?resourcekey=0-HQuhIYV2PJ3BfcHv6DVgHw&amp;usp=sharing\">CAP<\/a><\/li>\n<\/ul>\n<p>Des informations sur la certification<a href=\"https:\/\/www.certificat-clea.fr\/\" target=\"_blank\" rel=\"noopener noreferrer\"> Cl\u00e9A<\/a><\/p>\n\n\n<p><\/p>\n","protected":false},"excerpt":{"rendered":"<p>Vous trouverez ici de nombreux supports ludiques et p\u00e9dagogiques pour vos ateliers . Images\u00a0 J&rsquo;aime le fran\u00e7ais a t\u00e9l\u00e9charger image par image ou tout le dossier Maths Lecture Fran\u00e7ais Num\u00e9ration Lutte Contre L&rsquo;illettrisme CAP Des informations sur la certification Cl\u00e9A<\/p>\n","protected":false},"author":1,"featured_media":0,"parent":0,"menu_order":0,"comment_status":"open","ping_status":"open","template":"","meta":{"_exactmetrics_skip_tracking":false,"_exactmetrics_sitenote_active":false,"_exactmetrics_sitenote_note":"","_exactmetrics_sitenote_category":0,"advanced_seo_description":"","jetpack_seo_html_title":"","jetpack_seo_noindex":false,"jetpack_post_was_ever_published":false,"footnotes":""},"class_list":["post-36","page","type-page","status-publish","hentry"],"jetpack_sharing_enabled":true,"jetpack_shortlink":"https:\/\/wp.me\/P99Uil-A","jetpack_likes_enabled":true,"jetpack-related-posts":[],"_links":{"self":[{"href":"https:\/\/alec36.fr\/index.php?rest_route=\/wp\/v2\/pages\/36","targetHints":{"allow":["GET"]}}],"collection":[{"href":"https:\/\/alec36.fr\/index.php?rest_route=\/wp\/v2\/pages"}],"about":[{"href":"https:\/\/alec36.fr\/index.php?rest_route=\/wp\/v2\/types\/page"}],"author":[{"embeddable":true,"href":"https:\/\/alec36.fr\/index.php?rest_route=\/wp\/v2\/users\/1"}],"replies":[{"embeddable":true,"href":"https:\/\/alec36.fr\/index.php?rest_route=%2Fwp%2Fv2%2Fcomments&post=36"}],"version-history":[{"count":30,"href":"https:\/\/alec36.fr\/index.php?rest_route=\/wp\/v2\/pages\/36\/revisions"}],"predecessor-version":[{"id":489,"href":"https:\/\/alec36.fr\/index.php?rest_route=\/wp\/v2\/pages\/36\/revisions\/489"}],"wp:attachment":[{"href":"https:\/\/alec36.fr\/index.php?rest_route=%2Fwp%2Fv2%2Fmedia&parent=36"}],"curies":[{"name":"wp","href":"https:\/\/api.w.org\/{rel}","templated":true}]}}